{"id":36203,"date":"2014-05-13T11:23:46","date_gmt":"2014-05-13T10:23:46","guid":{"rendered":"http:\/\/bancovalbu.topografia.upm.es\/?page_id=36203"},"modified":"2014-05-13T12:54:45","modified_gmt":"2014-05-13T11:54:45","slug":"autorreductores","status":"publish","type":"page","link":"https:\/\/bancovalbu.topografia.upm.es\/?page_id=36203","title":{"rendered":"Autorreductores"},"content":{"rendered":"<p>Taqu\u00edmetros optomec\u00e1nicos con constante estadim\u00e9trica variable para medir directamente reducida y desnivel al leer sobre mira.<\/p>\nngg_shortcode_0_placeholder\n","protected":false},"excerpt":{"rendered":"<p>Taqu\u00edmetros optomec\u00e1nicos con constante estadim\u00e9trica variable para medir directamente reducida y desnivel al leer sobre mira.<\/p>\n","protected":false},"author":1,"featured_media":0,"parent":0,"menu_order":0,"comment_status":"closed","ping_status":"open","template":"page-templates\/full-width.php","meta":{"_monsterinsights_skip_tracking":false,"_monsterinsights_sitenote_active":false,"_monsterinsights_sitenote_note":"","_monsterinsights_sitenote_category":0,"ngg_post_thumbnail":0,"footnotes":""},"class_list":["post-36203","page","type-page","status-publish","hentry"],"_links":{"self":[{"href":"https:\/\/bancovalbu.topografia.upm.es\/index.php?rest_route=\/wp\/v2\/pages\/36203","targetHints":{"allow":["GET"]}}],"collection":[{"href":"https:\/\/bancovalbu.topografia.upm.es\/index.php?rest_route=\/wp\/v2\/pages"}],"about":[{"href":"https:\/\/bancovalbu.topografia.upm.es\/index.php?rest_route=\/wp\/v2\/types\/page"}],"author":[{"embeddable":true,"href":"https:\/\/bancovalbu.topografia.upm.es\/index.php?rest_route=\/wp\/v2\/users\/1"}],"replies":[{"embeddable":true,"href":"https:\/\/bancovalbu.topografia.upm.es\/index.php?rest_route=%2Fwp%2Fv2%2Fcomments&post=36203"}],"version-history":[{"count":2,"href":"https:\/\/bancovalbu.topografia.upm.es\/index.php?rest_route=\/wp\/v2\/pages\/36203\/revisions"}],"predecessor-version":[{"id":39206,"href":"https:\/\/bancovalbu.topografia.upm.es\/index.php?rest_route=\/wp\/v2\/pages\/36203\/revisions\/39206"}],"wp:attachment":[{"href":"https:\/\/bancovalbu.topografia.upm.es\/index.php?rest_route=%2Fwp%2Fv2%2Fmedia&parent=36203"}],"curies":[{"name":"wp","href":"https:\/\/api.w.org\/{rel}","templated":true}]}}