{"id":37778,"date":"2014-05-13T11:49:48","date_gmt":"2014-05-13T10:49:48","guid":{"rendered":"http:\/\/bancovalbu.topografia.upm.es\/?page_id=37778"},"modified":"2014-05-13T12:56:36","modified_gmt":"2014-05-13T11:56:36","slug":"edm","status":"publish","type":"page","link":"https:\/\/bancovalbu.topografia.upm.es\/?page_id=37778","title":{"rendered":"EDM"},"content":{"rendered":"<p>ElectroDistanci\u00f3Metros, con portadora de microondas (precisiones decim\u00e9tricas) o en banda \u00f3ptica (precisiones desde subdecim\u00e9tricas hasta submilim\u00e9tricas). No miden \u00e1ngulos.<\/p>\nngg_shortcode_0_placeholder\n","protected":false},"excerpt":{"rendered":"<p>ElectroDistanci\u00f3Metros, con portadora de microondas (precisiones decim\u00e9tricas) o en banda \u00f3ptica (precisiones desde subdecim\u00e9tricas hasta submilim\u00e9tricas). No miden \u00e1ngulos.<\/p>\n","protected":false},"author":1,"featured_media":0,"parent":0,"menu_order":0,"comment_status":"closed","ping_status":"open","template":"page-templates\/full-width.php","meta":{"_monsterinsights_skip_tracking":false,"_monsterinsights_sitenote_active":false,"_monsterinsights_sitenote_note":"","_monsterinsights_sitenote_category":0,"ngg_post_thumbnail":0,"footnotes":""},"class_list":["post-37778","page","type-page","status-publish","hentry"],"_links":{"self":[{"href":"https:\/\/bancovalbu.topografia.upm.es\/index.php?rest_route=\/wp\/v2\/pages\/37778","targetHints":{"allow":["GET"]}}],"collection":[{"href":"https:\/\/bancovalbu.topografia.upm.es\/index.php?rest_route=\/wp\/v2\/pages"}],"about":[{"href":"https:\/\/bancovalbu.topografia.upm.es\/index.php?rest_route=\/wp\/v2\/types\/page"}],"author":[{"embeddable":true,"href":"https:\/\/bancovalbu.topografia.upm.es\/index.php?rest_route=\/wp\/v2\/users\/1"}],"replies":[{"embeddable":true,"href":"https:\/\/bancovalbu.topografia.upm.es\/index.php?rest_route=%2Fwp%2Fv2%2Fcomments&post=37778"}],"version-history":[{"count":2,"href":"https:\/\/bancovalbu.topografia.upm.es\/index.php?rest_route=\/wp\/v2\/pages\/37778\/revisions"}],"predecessor-version":[{"id":39213,"href":"https:\/\/bancovalbu.topografia.upm.es\/index.php?rest_route=\/wp\/v2\/pages\/37778\/revisions\/39213"}],"wp:attachment":[{"href":"https:\/\/bancovalbu.topografia.upm.es\/index.php?rest_route=%2Fwp%2Fv2%2Fmedia&parent=37778"}],"curies":[{"name":"wp","href":"https:\/\/api.w.org\/{rel}","templated":true}]}}