{"id":37867,"date":"2014-05-13T11:51:11","date_gmt":"2014-05-13T10:51:11","guid":{"rendered":"http:\/\/bancovalbu.topografia.upm.es\/?page_id=37867"},"modified":"2014-05-13T13:00:06","modified_gmt":"2014-05-13T12:00:06","slug":"niveles-optomecanicos","status":"publish","type":"page","link":"https:\/\/bancovalbu.topografia.upm.es\/?page_id=37867","title":{"rendered":"Niveles optomec\u00e1nicos"},"content":{"rendered":"<p>Equialt\u00edmetros que miden desniveles con miras anal\u00f3gicas. Precisiones de estabilizaci\u00f3n de hasta 0,3\u201d y de cierre en doble l\u00ednea de hasta \u00b11,5 mm &#8730;K.<\/p>\nngg_shortcode_0_placeholder\n","protected":false},"excerpt":{"rendered":"<p>Equialt\u00edmetros que miden desniveles con miras anal\u00f3gicas. Precisiones de estabilizaci\u00f3n de hasta 0,3\u201d y de cierre en doble l\u00ednea de hasta \u00b11,5 mm &#8730;K.<\/p>\n","protected":false},"author":1,"featured_media":0,"parent":0,"menu_order":0,"comment_status":"closed","ping_status":"open","template":"page-templates\/full-width.php","meta":{"_monsterinsights_skip_tracking":false,"_monsterinsights_sitenote_active":false,"_monsterinsights_sitenote_note":"","_monsterinsights_sitenote_category":0,"ngg_post_thumbnail":0,"footnotes":""},"class_list":["post-37867","page","type-page","status-publish","hentry"],"_links":{"self":[{"href":"https:\/\/bancovalbu.topografia.upm.es\/index.php?rest_route=\/wp\/v2\/pages\/37867","targetHints":{"allow":["GET"]}}],"collection":[{"href":"https:\/\/bancovalbu.topografia.upm.es\/index.php?rest_route=\/wp\/v2\/pages"}],"about":[{"href":"https:\/\/bancovalbu.topografia.upm.es\/index.php?rest_route=\/wp\/v2\/types\/page"}],"author":[{"embeddable":true,"href":"https:\/\/bancovalbu.topografia.upm.es\/index.php?rest_route=\/wp\/v2\/users\/1"}],"replies":[{"embeddable":true,"href":"https:\/\/bancovalbu.topografia.upm.es\/index.php?rest_route=%2Fwp%2Fv2%2Fcomments&post=37867"}],"version-history":[{"count":3,"href":"https:\/\/bancovalbu.topografia.upm.es\/index.php?rest_route=\/wp\/v2\/pages\/37867\/revisions"}],"predecessor-version":[{"id":39222,"href":"https:\/\/bancovalbu.topografia.upm.es\/index.php?rest_route=\/wp\/v2\/pages\/37867\/revisions\/39222"}],"wp:attachment":[{"href":"https:\/\/bancovalbu.topografia.upm.es\/index.php?rest_route=%2Fwp%2Fv2%2Fmedia&parent=37867"}],"curies":[{"name":"wp","href":"https:\/\/api.w.org\/{rel}","templated":true}]}}