{"id":38555,"date":"2014-05-13T12:00:55","date_gmt":"2014-05-13T11:00:55","guid":{"rendered":"http:\/\/bancovalbu.topografia.upm.es\/?page_id=38555"},"modified":"2014-05-13T12:53:06","modified_gmt":"2014-05-13T11:53:06","slug":"otros-2","status":"publish","type":"page","link":"https:\/\/bancovalbu.topografia.upm.es\/?page_id=38555","title":{"rendered":"Otros"},"content":{"rendered":"<p>Niveles l\u00e1ser de obra, plan\u00edmetros, auscultadores de v\u00edas, planetarios, astrolabios, cron\u00f3metros, etc.<\/p>\nngg_shortcode_0_placeholder\n","protected":false},"excerpt":{"rendered":"<p>Niveles l\u00e1ser de obra, plan\u00edmetros, auscultadores de v\u00edas, planetarios, astrolabios, cron\u00f3metros, etc.<\/p>\n","protected":false},"author":1,"featured_media":0,"parent":0,"menu_order":0,"comment_status":"closed","ping_status":"open","template":"page-templates\/full-width.php","meta":{"_monsterinsights_skip_tracking":false,"_monsterinsights_sitenote_active":false,"_monsterinsights_sitenote_note":"","_monsterinsights_sitenote_category":0,"ngg_post_thumbnail":0,"footnotes":""},"class_list":["post-38555","page","type-page","status-publish","hentry"],"_links":{"self":[{"href":"https:\/\/bancovalbu.topografia.upm.es\/index.php?rest_route=\/wp\/v2\/pages\/38555","targetHints":{"allow":["GET"]}}],"collection":[{"href":"https:\/\/bancovalbu.topografia.upm.es\/index.php?rest_route=\/wp\/v2\/pages"}],"about":[{"href":"https:\/\/bancovalbu.topografia.upm.es\/index.php?rest_route=\/wp\/v2\/types\/page"}],"author":[{"embeddable":true,"href":"https:\/\/bancovalbu.topografia.upm.es\/index.php?rest_route=\/wp\/v2\/users\/1"}],"replies":[{"embeddable":true,"href":"https:\/\/bancovalbu.topografia.upm.es\/index.php?rest_route=%2Fwp%2Fv2%2Fcomments&post=38555"}],"version-history":[{"count":2,"href":"https:\/\/bancovalbu.topografia.upm.es\/index.php?rest_route=\/wp\/v2\/pages\/38555\/revisions"}],"predecessor-version":[{"id":39200,"href":"https:\/\/bancovalbu.topografia.upm.es\/index.php?rest_route=\/wp\/v2\/pages\/38555\/revisions\/39200"}],"wp:attachment":[{"href":"https:\/\/bancovalbu.topografia.upm.es\/index.php?rest_route=%2Fwp%2Fv2%2Fmedia&parent=38555"}],"curies":[{"name":"wp","href":"https:\/\/api.w.org\/{rel}","templated":true}]}}