{"id":38802,"date":"2014-05-13T12:03:47","date_gmt":"2014-05-13T11:03:47","guid":{"rendered":"http:\/\/bancovalbu.topografia.upm.es\/?page_id=38802"},"modified":"2014-05-13T12:51:55","modified_gmt":"2014-05-13T11:51:55","slug":"accesorios","status":"publish","type":"page","link":"https:\/\/bancovalbu.topografia.upm.es\/?page_id=38802","title":{"rendered":"Accesorios"},"content":{"rendered":"<p>Tr\u00edpodes, elementos de punter\u00eda y se\u00f1alizaci\u00f3n, oculares l\u00e1ser, prismas solares, bases XY, conjuntos de prismas, etc.<\/p>\nngg_shortcode_0_placeholder\n","protected":false},"excerpt":{"rendered":"<p>Tr\u00edpodes, elementos de punter\u00eda y se\u00f1alizaci\u00f3n, oculares l\u00e1ser, prismas solares, bases XY, conjuntos de prismas, etc.<\/p>\n","protected":false},"author":1,"featured_media":0,"parent":0,"menu_order":0,"comment_status":"closed","ping_status":"open","template":"page-templates\/full-width.php","meta":{"_monsterinsights_skip_tracking":false,"_monsterinsights_sitenote_active":false,"_monsterinsights_sitenote_note":"","_monsterinsights_sitenote_category":0,"ngg_post_thumbnail":0,"footnotes":""},"class_list":["post-38802","page","type-page","status-publish","hentry"],"_links":{"self":[{"href":"https:\/\/bancovalbu.topografia.upm.es\/index.php?rest_route=\/wp\/v2\/pages\/38802","targetHints":{"allow":["GET"]}}],"collection":[{"href":"https:\/\/bancovalbu.topografia.upm.es\/index.php?rest_route=\/wp\/v2\/pages"}],"about":[{"href":"https:\/\/bancovalbu.topografia.upm.es\/index.php?rest_route=\/wp\/v2\/types\/page"}],"author":[{"embeddable":true,"href":"https:\/\/bancovalbu.topografia.upm.es\/index.php?rest_route=\/wp\/v2\/users\/1"}],"replies":[{"embeddable":true,"href":"https:\/\/bancovalbu.topografia.upm.es\/index.php?rest_route=%2Fwp%2Fv2%2Fcomments&post=38802"}],"version-history":[{"count":2,"href":"https:\/\/bancovalbu.topografia.upm.es\/index.php?rest_route=\/wp\/v2\/pages\/38802\/revisions"}],"predecessor-version":[{"id":39197,"href":"https:\/\/bancovalbu.topografia.upm.es\/index.php?rest_route=\/wp\/v2\/pages\/38802\/revisions\/39197"}],"wp:attachment":[{"href":"https:\/\/bancovalbu.topografia.upm.es\/index.php?rest_route=%2Fwp%2Fv2%2Fmedia&parent=38802"}],"curies":[{"name":"wp","href":"https:\/\/api.w.org\/{rel}","templated":true}]}}