{"id":39006,"date":"2014-05-13T12:06:04","date_gmt":"2014-05-13T11:06:04","guid":{"rendered":"http:\/\/bancovalbu.topografia.upm.es\/?page_id=39006"},"modified":"2014-05-13T12:49:20","modified_gmt":"2014-05-13T11:49:20","slug":"fotogrametria-2","status":"publish","type":"page","link":"https:\/\/bancovalbu.topografia.upm.es\/?page_id=39006","title":{"rendered":"Fotogrametr\u00eda"},"content":{"rendered":"<p>C\u00e1maras terrestres y a\u00e9reas, estere\u00f3scopos, restituidores, fototeodolitos, etc.<\/p>\nngg_shortcode_0_placeholder\n","protected":false},"excerpt":{"rendered":"<p>C\u00e1maras terrestres y a\u00e9reas, estere\u00f3scopos, restituidores, fototeodolitos, etc.<\/p>\n","protected":false},"author":1,"featured_media":0,"parent":0,"menu_order":0,"comment_status":"closed","ping_status":"open","template":"page-templates\/full-width.php","meta":{"_monsterinsights_skip_tracking":false,"_monsterinsights_sitenote_active":false,"_monsterinsights_sitenote_note":"","_monsterinsights_sitenote_category":0,"ngg_post_thumbnail":0,"footnotes":""},"class_list":["post-39006","page","type-page","status-publish","hentry"],"_links":{"self":[{"href":"https:\/\/bancovalbu.topografia.upm.es\/index.php?rest_route=\/wp\/v2\/pages\/39006","targetHints":{"allow":["GET"]}}],"collection":[{"href":"https:\/\/bancovalbu.topografia.upm.es\/index.php?rest_route=\/wp\/v2\/pages"}],"about":[{"href":"https:\/\/bancovalbu.topografia.upm.es\/index.php?rest_route=\/wp\/v2\/types\/page"}],"author":[{"embeddable":true,"href":"https:\/\/bancovalbu.topografia.upm.es\/index.php?rest_route=\/wp\/v2\/users\/1"}],"replies":[{"embeddable":true,"href":"https:\/\/bancovalbu.topografia.upm.es\/index.php?rest_route=%2Fwp%2Fv2%2Fcomments&post=39006"}],"version-history":[{"count":2,"href":"https:\/\/bancovalbu.topografia.upm.es\/index.php?rest_route=\/wp\/v2\/pages\/39006\/revisions"}],"predecessor-version":[{"id":39192,"href":"https:\/\/bancovalbu.topografia.upm.es\/index.php?rest_route=\/wp\/v2\/pages\/39006\/revisions\/39192"}],"wp:attachment":[{"href":"https:\/\/bancovalbu.topografia.upm.es\/index.php?rest_route=%2Fwp%2Fv2%2Fmedia&parent=39006"}],"curies":[{"name":"wp","href":"https:\/\/api.w.org\/{rel}","templated":true}]}}